{"id":7523,"date":"2016-12-05T14:49:30","date_gmt":"2016-12-05T14:49:30","guid":{"rendered":"http:\/\/www.mygrantour.org\/pierrep-2\/"},"modified":"2016-12-22T11:52:40","modified_gmt":"2016-12-22T11:52:40","slug":"pierrep","status":"publish","type":"page","link":"https:\/\/migrantour.org\/en\/pierrep\/","title":{"rendered":"Pierre"},"content":{"rendered":"<p><a class=\"preload\" title=\"\" href=\"http:\/\/www.mygrantour.org\/wp-content\/uploads\/2016\/12\/IMG_9190.jpg\" rel=\"prettyphoto\"><img fetchpriority=\"high\" decoding=\"async\" class=\"alignleft wp-image-7360 size-large\" src=\"http:\/\/www.mygrantour.org\/wp-content\/uploads\/2016\/12\/IMG_9190-1024x547.jpg\" alt=\"Pierre accompagnatore interculturale migrantour Napoli\" width=\"900\" height=\"480\" srcset=\"https:\/\/migrantour.org\/wp-content\/uploads\/2016\/12\/IMG_9190-1024x547.jpg 1024w, https:\/\/migrantour.org\/wp-content\/uploads\/2016\/12\/IMG_9190-300x160.jpg 300w, https:\/\/migrantour.org\/wp-content\/uploads\/2016\/12\/IMG_9190-150x80.jpg 150w, https:\/\/migrantour.org\/wp-content\/uploads\/2016\/12\/IMG_9190-310x165.jpg 310w, https:\/\/migrantour.org\/wp-content\/uploads\/2016\/12\/IMG_9190.jpg 1789w\" sizes=\"(max-width: 900px) 100vw, 900px\" \/><\/a><\/p>\n<p> \u00a0Sono nato a Dakar in Senegal. Sono in Italia da 17 anni, ci sono arrivato per studiare. Prima di trasferirmi a Napoli ho vissuto a S. Agata sui due Golfi. Arricchirmi della diversit\u00e0 che abita Napoli \u00e8 sempre stato un filo conduttore nel mio modo di stare qui. Ho abitato con siciliani, pugliesi, casertani, beneventani, congolesi, albanesi, rumeni, ungheresi e con miei connazionali e ho frequentato movimenti studenteschi, associazioni, come gli scout.\u00a0 Di mestieri ne ho fatti moltissimi: il lavapiatti, l\u2019animatore di laboratori per bambini, l\u2019animatore turistico, il promotore per un istituto di microcredito del Senegal, l\u2019interprete per tribunali. Da qualche mese, con il mio socio e amico Louis, abbiamo creato una societ\u00e0 multiservizi soprattutto per gli immigrati:\u00a0 facciamo dalla consulenza legale a corsi di formazione. Il sabato accompagno le passeggiate di Migrantour e lo faccio con grande convinzione. \u00c8, per i cittadini napoletani, un\u2019opportunit\u00e0 di confronto con una realt\u00e0 della loro citt\u00e0 che spesso non conoscono e verso la quale molti ancora nutrono diffidenza. Le passeggiate diventano uno straordinario momento di incontro e conoscenza tra persone, e credo che questo sia il presupposto di ogni convivenza pacifica e integrazione.\u00a0  <\/p>\n","protected":false},"excerpt":{"rendered":"<p>\u00a0Sono nato a Dakar in Senegal. Sono in Italia da 17 anni, ci sono arrivato per studiare. Prima di trasferirmi a Napoli ho vissuto a S. Agata sui due Golfi. Arricchirmi della diversit\u00e0 che abita Napoli \u00e8 sempre stato un filo conduttore nel mio modo di stare qui. Ho abitato con siciliani, pugliesi, casertani, beneventani,&#8230;<\/p>\n","protected":false},"author":19,"featured_media":0,"parent":0,"menu_order":0,"comment_status":"closed","ping_status":"closed","template":"full-page2.php","meta":{"_acf_changed":false,"footnotes":""},"categories":[44],"tags":[57,46],"acf":[],"_links":{"self":[{"href":"https:\/\/migrantour.org\/en\/wp-json\/wp\/v2\/pages\/7523"}],"collection":[{"href":"https:\/\/migrantour.org\/en\/wp-json\/wp\/v2\/pages"}],"about":[{"href":"https:\/\/migrantour.org\/en\/wp-json\/wp\/v2\/types\/page"}],"author":[{"embeddable":true,"href":"https:\/\/migrantour.org\/en\/wp-json\/wp\/v2\/users\/19"}],"replies":[{"embeddable":true,"href":"https:\/\/migrantour.org\/en\/wp-json\/wp\/v2\/comments?post=7523"}],"version-history":[{"count":0,"href":"https:\/\/migrantour.org\/en\/wp-json\/wp\/v2\/pages\/7523\/revisions"}],"wp:attachment":[{"href":"https:\/\/migrantour.org\/en\/wp-json\/wp\/v2\/media?parent=7523"}],"wp:term":[{"taxonomy":"category","embeddable":true,"href":"https:\/\/migrantour.org\/en\/wp-json\/wp\/v2\/categories?post=7523"},{"taxonomy":"post_tag","embeddable":true,"href":"https:\/\/migrantour.org\/en\/wp-json\/wp\/v2\/tags?post=7523"}],"curies":[{"name":"wp","href":"https:\/\/api.w.org\/{rel}","templated":true}]}}