{"id":7280,"date":"2016-11-28T08:20:59","date_gmt":"2016-11-28T08:20:59","guid":{"rendered":"http:\/\/www.mygrantour.org\/?page_id=7280"},"modified":"2018-03-09T16:03:06","modified_gmt":"2018-03-09T16:03:06","slug":"blerina","status":"publish","type":"page","link":"https:\/\/migrantour.org\/en\/blerina\/","title":{"rendered":"Blerina"},"content":{"rendered":"<p><a class=\"preload\" title=\"\" href=\"http:\/\/www.mygrantour.org\/wp-content\/uploads\/2016\/11\/Blerina.jpg\" rel=\"prettyphoto\"><img fetchpriority=\"high\" decoding=\"async\" class=\"alignleft wp-image-7276 size-full\" src=\"http:\/\/www.mygrantour.org\/wp-content\/uploads\/2016\/11\/Blerina.jpg\" alt=\"Blerina Migrantour Bologna\" width=\"960\" height=\"540\" srcset=\"https:\/\/migrantour.org\/wp-content\/uploads\/2016\/11\/Blerina.jpg 960w, https:\/\/migrantour.org\/wp-content\/uploads\/2016\/11\/Blerina-300x168.jpg 300w, https:\/\/migrantour.org\/wp-content\/uploads\/2016\/11\/Blerina-150x84.jpg 150w, https:\/\/migrantour.org\/wp-content\/uploads\/2016\/11\/Blerina-310x174.jpg 310w\" sizes=\"(max-width: 960px) 100vw, 960px\" \/><\/a> Sono Blerina,nata a Vlore in Albania.Sono arrivata a Bologna con la mia famiglia nel 1997. Sono tra le fondatrici dell&#8217;associazione NGI creata da ragazzi\/e della seconda generazione della migrazione che vogliono rendersi protagonisti nei cambiamenti della societ\u00e0 in cui vivono valorizzando il proprio bagaglio culturale. Amo Bologna per la sua accoglienza, storia e perch\u00e9 \u00e8 diventata la mia citt\u00e0. Amo viaggiare e conoscere nuove culture,lingue e tradizioni. Proust diceva che il vero viaggio di scoperta non consiste nel cercare nuove terre ma avere nuovi occhi..Vorrei vivere in una societ\u00e0 senza paure,in una societ\u00e0 differente ma non indifferente dove l&#8217;altro \u00e8 la bussola per farci scoprire nuove terre..L&#8217;iniziativa Migrantour \u00e8 stata una bellissima scoperta perch\u00e9 da la possibilit\u00e0 alle guide di raccontare i cambiamenti della citt\u00e0 attraverso il proprio bagaglio culturale e ai partecipanti offre l\u2019occasione di viaggiare in questi cambiamenti con curiosit\u00e0 e non paure.\u00a0  <\/p>\n","protected":false},"excerpt":{"rendered":"<p>Sono Blerina,nata a Vlore in Albania.Sono arrivata a Bologna con la mia famiglia nel 1997. Sono tra le fondatrici dell&#8217;associazione NGI creata da ragazzi\/e della seconda generazione della migrazione che vogliono rendersi protagonisti nei cambiamenti della societ\u00e0 in cui vivono valorizzando il proprio bagaglio culturale. Amo Bologna per la sua accoglienza, storia e perch\u00e9 \u00e8&#8230;<\/p>\n","protected":false},"author":19,"featured_media":0,"parent":0,"menu_order":0,"comment_status":"closed","ping_status":"closed","template":"pagevolto.php","meta":{"_acf_changed":false,"footnotes":""},"categories":[],"tags":[49,48,46],"acf":[],"_links":{"self":[{"href":"https:\/\/migrantour.org\/en\/wp-json\/wp\/v2\/pages\/7280"}],"collection":[{"href":"https:\/\/migrantour.org\/en\/wp-json\/wp\/v2\/pages"}],"about":[{"href":"https:\/\/migrantour.org\/en\/wp-json\/wp\/v2\/types\/page"}],"author":[{"embeddable":true,"href":"https:\/\/migrantour.org\/en\/wp-json\/wp\/v2\/users\/19"}],"replies":[{"embeddable":true,"href":"https:\/\/migrantour.org\/en\/wp-json\/wp\/v2\/comments?post=7280"}],"version-history":[{"count":0,"href":"https:\/\/migrantour.org\/en\/wp-json\/wp\/v2\/pages\/7280\/revisions"}],"wp:attachment":[{"href":"https:\/\/migrantour.org\/en\/wp-json\/wp\/v2\/media?parent=7280"}],"wp:term":[{"taxonomy":"category","embeddable":true,"href":"https:\/\/migrantour.org\/en\/wp-json\/wp\/v2\/categories?post=7280"},{"taxonomy":"post_tag","embeddable":true,"href":"https:\/\/migrantour.org\/en\/wp-json\/wp\/v2\/tags?post=7280"}],"curies":[{"name":"wp","href":"https:\/\/api.w.org\/{rel}","templated":true}]}}