{"id":7271,"date":"2016-11-28T08:12:09","date_gmt":"2016-11-28T08:12:09","guid":{"rendered":"http:\/\/www.mygrantour.org\/siid-2\/"},"modified":"2022-04-10T20:38:10","modified_gmt":"2022-04-10T20:38:10","slug":"siid","status":"publish","type":"page","link":"https:\/\/migrantour.org\/en\/siid\/","title":{"rendered":"Siid"},"content":{"rendered":"<p>Sono Siid e vengo dall&#8217;Eritrea. Sono un educatore in vari ambiti, sposato con due figli. Credo in una societ\u00e0 meticcia in tutte le sue sfaccettature. Sono tra i fondatori dell\u2019associazione Next Generation Italy, creata da ragazzi\/e di \u2018seconda generazione della migrazione\u2019 per favorire la valorizzazione dei giovani stranieri e italiani. L\u2019Italia \u00e8 il paese che mio padre ha amato tanto che lo ha trasmesso anche a me. Da tanto tempo, apprezzo Bologna che \u00e8 diventata un terreno di crocevia. Mi piace il cinema e lo professo ovunque mi trovi.<\/p>\n<p>Mi piace Migrantour , perch\u00e8 riesce ad aprire una porta a chi fa la guida e a chi fa le camminate verso un mondo di scoperte e conoscenze. La societ\u00e0 interculturale \u00e8 una forma colorata del mondo, questo, voglio trasmettere durante le camminate e accompagnare i cittadini-viaggiatori lentamente nelle bellezze nascoste della citt\u00e0 che si trasforma.<\/p>\n","protected":false},"excerpt":{"rendered":"<p>Sono Siid e vengo dall&#8217;Eritrea. Sono un educatore in vari ambiti, sposato con due figli. Credo in una societ\u00e0 meticcia in tutte le sue sfaccettature. Sono tra i fondatori dell\u2019associazione Next Generation Italy, creata da ragazzi\/e di \u2018seconda generazione della migrazione\u2019 per favorire la valorizzazione dei giovani stranieri e italiani. L\u2019Italia \u00e8 il paese che&#8230;<\/p>\n","protected":false},"author":19,"featured_media":7263,"parent":0,"menu_order":0,"comment_status":"closed","ping_status":"closed","template":"","meta":{"_acf_changed":false,"footnotes":""},"categories":[44],"tags":[291,48,46,290],"acf":[],"_links":{"self":[{"href":"https:\/\/migrantour.org\/en\/wp-json\/wp\/v2\/pages\/7271"}],"collection":[{"href":"https:\/\/migrantour.org\/en\/wp-json\/wp\/v2\/pages"}],"about":[{"href":"https:\/\/migrantour.org\/en\/wp-json\/wp\/v2\/types\/page"}],"author":[{"embeddable":true,"href":"https:\/\/migrantour.org\/en\/wp-json\/wp\/v2\/users\/19"}],"replies":[{"embeddable":true,"href":"https:\/\/migrantour.org\/en\/wp-json\/wp\/v2\/comments?post=7271"}],"version-history":[{"count":1,"href":"https:\/\/migrantour.org\/en\/wp-json\/wp\/v2\/pages\/7271\/revisions"}],"predecessor-version":[{"id":11064,"href":"https:\/\/migrantour.org\/en\/wp-json\/wp\/v2\/pages\/7271\/revisions\/11064"}],"wp:featuredmedia":[{"embeddable":true,"href":"https:\/\/migrantour.org\/en\/wp-json\/wp\/v2\/media\/7263"}],"wp:attachment":[{"href":"https:\/\/migrantour.org\/en\/wp-json\/wp\/v2\/media?parent=7271"}],"wp:term":[{"taxonomy":"category","embeddable":true,"href":"https:\/\/migrantour.org\/en\/wp-json\/wp\/v2\/categories?post=7271"},{"taxonomy":"post_tag","embeddable":true,"href":"https:\/\/migrantour.org\/en\/wp-json\/wp\/v2\/tags?post=7271"}],"curies":[{"name":"wp","href":"https:\/\/api.w.org\/{rel}","templated":true}]}}