{"id":13139,"date":"2023-11-14T19:28:43","date_gmt":"2023-11-14T19:28:43","guid":{"rendered":"http:\/\/www.mygrantour.org\/?page_id=13139"},"modified":"2023-11-15T10:20:03","modified_gmt":"2023-11-15T10:20:03","slug":"abir-ouni","status":"publish","type":"page","link":"https:\/\/migrantour.org\/en\/abir-ouni\/","title":{"rendered":"Abir Ouni"},"content":{"rendered":"<p>I&#8217;m Abir Ouni from Tunisia, and I&#8217;ve been living in Denmark for 12 years. As an intercultural companion, I&#8217;m dedicated to bridging cultural gaps.<br \/>\nI joined this project to share my journey and learn from others. The most intriguing aspect of my role is connecting with people.<br \/>\nThe places I find most captivating on the Migrantour itinerary are the Arabic School and Bl\u00e5g\u00e5rdsgade. At the Arabic School, I appreciate the preservation of culture and language. Bl\u00e5g\u00e5rdsgade represents a vibrant community where migrants have revitalized the neighborhood.<br \/>\nDuring our walks, I address themes like cultural preservation, integration, and the power of multiculturalism. It&#8217;s a rewarding experience to explore these topics with fellow travelers and create a space for dialogue and understanding.<\/p>\n","protected":false},"excerpt":{"rendered":"<p>I&#8217;m Abir Ouni from Tunisia, and I&#8217;ve been living in Denmark for 12 years. As an intercultural companion, I&#8217;m dedicated to bridging cultural gaps. I joined this project to share my journey and learn from others. The most intriguing aspect of my role is connecting with people. The places I find most captivating on the&#8230;<\/p>\n","protected":false},"author":16,"featured_media":13141,"parent":0,"menu_order":0,"comment_status":"closed","ping_status":"closed","template":"","meta":{"_acf_changed":false,"footnotes":""},"categories":[44,492,412],"tags":[533],"acf":[],"_links":{"self":[{"href":"https:\/\/migrantour.org\/en\/wp-json\/wp\/v2\/pages\/13139"}],"collection":[{"href":"https:\/\/migrantour.org\/en\/wp-json\/wp\/v2\/pages"}],"about":[{"href":"https:\/\/migrantour.org\/en\/wp-json\/wp\/v2\/types\/page"}],"author":[{"embeddable":true,"href":"https:\/\/migrantour.org\/en\/wp-json\/wp\/v2\/users\/16"}],"replies":[{"embeddable":true,"href":"https:\/\/migrantour.org\/en\/wp-json\/wp\/v2\/comments?post=13139"}],"version-history":[{"count":4,"href":"https:\/\/migrantour.org\/en\/wp-json\/wp\/v2\/pages\/13139\/revisions"}],"predecessor-version":[{"id":13181,"href":"https:\/\/migrantour.org\/en\/wp-json\/wp\/v2\/pages\/13139\/revisions\/13181"}],"wp:featuredmedia":[{"embeddable":true,"href":"https:\/\/migrantour.org\/en\/wp-json\/wp\/v2\/media\/13141"}],"wp:attachment":[{"href":"https:\/\/migrantour.org\/en\/wp-json\/wp\/v2\/media?parent=13139"}],"wp:term":[{"taxonomy":"category","embeddable":true,"href":"https:\/\/migrantour.org\/en\/wp-json\/wp\/v2\/categories?post=13139"},{"taxonomy":"post_tag","embeddable":true,"href":"https:\/\/migrantour.org\/en\/wp-json\/wp\/v2\/tags?post=13139"}],"curies":[{"name":"wp","href":"https:\/\/api.w.org\/{rel}","templated":true}]}}