{"id":10378,"date":"2019-12-17T10:04:35","date_gmt":"2019-12-17T10:04:35","guid":{"rendered":"http:\/\/www.mygrantour.org\/?page_id=10378"},"modified":"2023-03-03T12:05:45","modified_gmt":"2023-03-03T12:05:45","slug":"towards-december-18th-international-day-for-the-rights-of-migrants","status":"publish","type":"page","link":"https:\/\/migrantour.org\/en\/towards-december-18th-international-day-for-the-rights-of-migrants\/","title":{"rendered":"Towards December 18th, International Day for the Rights of Migrants"},"content":{"rendered":"<p>Towards <strong>December 18th, International Day for the Rights of Migrants<\/strong>, as part of the ongoing European Project, until the end of this year, NEWS ROOTS, <strong>some cities of the Migrantour Network offer FREE intercultural walks<\/strong>, urban routes led by intercultural escorts, migrant citizens, to discover through their eyes and their voices the most multi-ethnic neighborhoods of our cities.<\/p>\n<p>It starts from <strong>Milan<\/strong>, where on <strong>Wednesday, December 18h<\/strong> <a href=\"http:\/\/bit.ly\/FondazioneACRA\" target=\"_blank\" rel=\"noopener\"><strong>Acra<\/strong><\/a>, together with<strong> Prospekt Photographers<\/strong>, will be involved in a project at Parco Trotter linked to the &#8220;Open Schools&#8221; initiative, which will also involve the intercultural walks of MIGRANTOUR and its companions, entitled <strong>&#8220;TrottErrando&#8221;: a narrative project that will use maps, photos and videos to tell the story of the territory in which the Istituto Comprensivo Casa del Sole and Parco Trotter are located.<\/strong> Together with the participating children and the teachers of the institute, they will reread their territory, developing and leaving by heart their very personal vision of the neighborhood, consisting of maps, photos and videos made by the students during the course of education, starting from the home-school route, thanks to various multimedia tools and experience gained through our intercultural walks Migrantour.<\/p>\n<p>There will be initiatives abroad thanks to European partners: for example in <strong>Lisbon<\/strong>, where <a href=\"http:\/\/bit.ly\/RenovarAMouraria\" target=\"_blank\" rel=\"noopener\"><strong>Renovar A Mouraria<\/strong><\/a>, will be promoted a walk with storytelling on <strong>Wednesday, December 18th<\/strong>, to celebrate this day.<\/p>\n<p>In <strong>Paris<\/strong>, <strong>Wednesday, December 18th<\/strong>, there will be a visit promoted by <a href=\"http:\/\/bit.ly\/BASTINA\" target=\"_blank\" rel=\"noopener\"><strong>Ba\u0161tina Voyages Si loin Si proche<\/strong><\/a> of the exhibition &#8220;Paris-London&#8221; Music Migrations with Anna Lancement of Motion design entitled &#8220;Migrations: we share our wealth&#8221; at the Museum of the History of Immigration (10:15 &#8211; 12:15 at the Palais de la Porte Dor\u00e9e 293, avenue Daumesnil 75012 Paris &#8211; Metro Porte Dor\u00e9e Line 8 direction Cr\u00e9teil).<\/p>\n<p>In <strong>Lubiana<\/strong> with <a href=\"http:\/\/bit.ly\/TerraVera\" target=\"_blank\" rel=\"noopener\"><strong>Terra Vera<\/strong><\/a> is scheduled for <strong>Wednesday, December 18th a welcome tour<\/strong> in collaboration with the Museum of Modern Art in Ljubljana.<\/p>\n<p>In <strong>Rome<\/strong>, finally, <a href=\"http:\/\/www.viaggisolidali.it\" target=\"_blank\" rel=\"noopener\"><strong>Viaggi Solidali<\/strong><\/a> will propose an intercultural walk to the Esquilino for this special occasion, <strong>Saturday, December 21th<\/strong>.<\/p>\n<p>The MIGRANTOUR network never stops&#8230;&#8230;&#8230; Stay connected!<\/p>\n<p>The program, in the various cities, is still being defined. We will update this page as you go: alternatively you can get in direct contact with the individual partners or follow them on\u00a0<a href=\"https:\/\/www.facebook.com\/events\/1145864342441725\/\" target=\"_blank\" rel=\"noopener\"><strong>Facebook<\/strong><\/a>!<\/p>\n<p style=\"text-align: justify;\"><span style=\"color: #333333;\">Our tours are realized within the framework of the EU project <strong><em>\u201c<\/em><em>NEW ROOTS<\/em> \u2013 <em>Migrantour intercultural walks building bridges for newcomers active participation\u201d<\/em><\/strong>, funded by EU Asylum, Migration and Integration Fund, and promoted by <strong><a style=\"color: #868585;\" href=\"http:\/\/bit.ly\/FondazioneACRA\" target=\"_blank\" rel=\"noopener\"><span style=\"color: #333333;\">ACRA<\/span><\/a>, <a style=\"color: #868585;\" href=\"http:\/\/bit.ly\/OXFAM_Italia\" target=\"_blank\" rel=\"noopener\"><span style=\"color: #333333;\">Oxfam Italia<\/span><\/a>, <a href=\"http:\/\/bit.ly\/ViaggiSolidali\" target=\"_blank\" rel=\"noopener\"><span style=\"color: #333333;\">Viaggi Solidali<\/span><\/a>, <a style=\"color: #868585;\" href=\"http:\/\/bit.ly\/BASTINA\" target=\"_blank\" rel=\"noopener\"><span style=\"color: #333333;\">Ba\u0161tina<\/span><\/a>, <a style=\"color: #868585;\" href=\"http:\/\/bit.ly\/TerraVera\" target=\"_blank\" rel=\"noopener\"><span style=\"color: #333333;\">Terra Vera<\/span><\/a>, <a style=\"color: #868585;\" href=\"http:\/\/bit.ly\/RenovarAMouraria\" target=\"_blank\" rel=\"noopener\"><span style=\"color: #333333;\">Renovar A Mouraria<\/span><\/a>, <a style=\"color: #868585;\" href=\"http:\/\/bit.ly\/CRESCER\" target=\"_blank\" rel=\"noopener\"><span style=\"color: #333333;\">CRESCER<\/span><\/a>, <a style=\"color: #868585;\" href=\"http:\/\/bit.ly\/AlterBrussels\" target=\"_blank\" rel=\"noopener\"><span style=\"color: #333333;\">Alter Brussels<\/span><\/a> and <span style=\"color: #333333;\"><a style=\"color: #868585;\" href=\"http:\/\/bit.ly\/CASBA\" target=\"_blank\" rel=\"noopener\">Casba Societ\u00e0 Cooperativa Sociale<\/a> <\/span><\/strong><span style=\"color: #333333;\">and the<\/span><span style=\"color: #333333;\"> framework of the Italian project<\/span><\/span><span style=\"color: #333333;\"> <strong><em>\u201cLe nostre citt\u00e0 invisibili\u201d, <\/em><\/strong>funded by the Italian Agency for development cooperation, and promoted by <strong><a href=\"http:\/\/bit.ly\/ViaggiSolidali\" target=\"_blank\" rel=\"noopener\"><span style=\"color: #333333;\">Viaggi Solidali<\/span><\/a>, <a style=\"color: #868585;\" href=\"http:\/\/bit.ly\/FondazioneACRA\" target=\"_blank\" rel=\"noopener\"><span style=\"color: #333333;\">ACRA<\/span><\/a>, <a style=\"color: #868585;\" href=\"http:\/\/bit.ly\/OXFAM_Italia\" target=\"_blank\" rel=\"noopener\"><span style=\"color: #333333;\">Oxfam Italia<\/span><\/a>, <a style=\"color: #868585;\" href=\"http:\/\/bit.ly\/CASBA\" target=\"_blank\" rel=\"noopener\"><span style=\"color: #333333;\">Casba Societ\u00e0 Cooperativa Sociale<\/span><\/a>, <a style=\"color: #868585;\" href=\"http:\/\/bit.ly\/TramediQuartiere\" target=\"_blank\" rel=\"noopener\"><span style=\"color: #333333;\">Trame di Quartiere<\/span><\/a>, <a style=\"color: #868585;\" href=\"http:\/\/bit.ly\/AmiciSardegnaOnlus\" target=\"_blank\" rel=\"noopener\"><span style=\"color: #333333;\">Amici di Sardegna ONLUS<\/span><\/a>, <a style=\"color: #868585;\" href=\"http:\/\/bit.ly\/ContattoCooperativa\" target=\"_blank\" rel=\"noopener\"><span style=\"color: #333333;\">Contatto Cooperativa Sociale ONLUS<\/span><\/a>, <a style=\"color: #868585;\" href=\"http:\/\/bit.ly\/FondazioneISMU\" target=\"_blank\" rel=\"noopener\"><span style=\"color: #333333;\">Fondazione ISMU<\/span><\/a>, <a style=\"color: #868585;\" href=\"http:\/\/bit.ly\/NextGenerationItaly\" target=\"_blank\" rel=\"noopener\"><span style=\"color: #333333;\">Next Generation Italy<\/span><\/a>, <a style=\"color: #868585;\" href=\"http:\/\/bit.ly\/Pubblicit%C3%A0Progresso\" target=\"_blank\" rel=\"noopener\"><span style=\"color: #333333;\">Pubblicit\u00e0 Progresso<\/span><\/a><\/strong>, Comune di Milano, Comune di Torino e Universit\u00e0 di Bologna.<\/span><\/p>\n","protected":false},"excerpt":{"rendered":"<p>Towards December 18th, International Day for the Rights of Migrants, as part of the ongoing European Project, until the end of this year, NEWS ROOTS, some cities of the Migrantour Network offer FREE intercultural walks, urban routes led by intercultural escorts, migrant citizens, to discover through their eyes and their voices the most multi-ethnic neighborhoods&#8230;<\/p>\n","protected":false},"author":16,"featured_media":10388,"parent":0,"menu_order":0,"comment_status":"closed","ping_status":"closed","template":"","meta":{"_acf_changed":false,"footnotes":""},"categories":[529],"tags":[],"acf":[],"_links":{"self":[{"href":"https:\/\/migrantour.org\/en\/wp-json\/wp\/v2\/pages\/10378"}],"collection":[{"href":"https:\/\/migrantour.org\/en\/wp-json\/wp\/v2\/pages"}],"about":[{"href":"https:\/\/migrantour.org\/en\/wp-json\/wp\/v2\/types\/page"}],"author":[{"embeddable":true,"href":"https:\/\/migrantour.org\/en\/wp-json\/wp\/v2\/users\/16"}],"replies":[{"embeddable":true,"href":"https:\/\/migrantour.org\/en\/wp-json\/wp\/v2\/comments?post=10378"}],"version-history":[{"count":1,"href":"https:\/\/migrantour.org\/en\/wp-json\/wp\/v2\/pages\/10378\/revisions"}],"predecessor-version":[{"id":12929,"href":"https:\/\/migrantour.org\/en\/wp-json\/wp\/v2\/pages\/10378\/revisions\/12929"}],"wp:featuredmedia":[{"embeddable":true,"href":"https:\/\/migrantour.org\/en\/wp-json\/wp\/v2\/media\/10388"}],"wp:attachment":[{"href":"https:\/\/migrantour.org\/en\/wp-json\/wp\/v2\/media?parent=10378"}],"wp:term":[{"taxonomy":"category","embeddable":true,"href":"https:\/\/migrantour.org\/en\/wp-json\/wp\/v2\/categories?post=10378"},{"taxonomy":"post_tag","embeddable":true,"href":"https:\/\/migrantour.org\/en\/wp-json\/wp\/v2\/tags?post=10378"}],"curies":[{"name":"wp","href":"https:\/\/api.w.org\/{rel}","templated":true}]}}